{"id":127,"date":"2021-12-03T16:34:26","date_gmt":"2021-12-03T16:34:26","guid":{"rendered":"https:\/\/websitebuilder-demo.net\/eladio\/?page_id=127"},"modified":"2026-05-09T08:10:21","modified_gmt":"2026-05-09T08:10:21","slug":"contact","status":"publish","type":"page","link":"https:\/\/displero.com\/pl\/contact\/","title":{"rendered":"Contact"},"content":{"rendered":"<div class=\"brz brz-root__container brz-reset-all brz-root__container-page\">\n<header id=\"plNl6cV51vAM_plNl6cV51vAM\" class=\"brz-section brz-css-d-section brz-css-1q3nd5q\">\n<div class=\"brz-section__content brz-section--boxed brz-css-d-sectionitem-bg brz-css-h61k8e\" data-brz-custom-id=\"xMWuQYGAcT95\">\n<div class=\"brz-bg\">\n<div class=\"brz-bg-image\"><\/div>\n<div class=\"brz-bg-color\"><\/div>\n<\/div>\n<div class=\"brz-container brz-css-d-sectionitem-container brz-css-f68a2r\">\n<div class=\"brz-row__container brz-css-d-row-row brz-css-16b4fk5\" data-brz-custom-id=\"jo2qV_7qYbkN\">\n<div class=\"brz-row brz-css-d-row-container brz-css-r-row-container brz-css-1hnnoy6\">\n<div class=\"brz-columns brz-css-d-column-column brz-css-i41dz\" data-brz-custom-id=\"yYK6pJxYLEvp\">\n<div class=\"brz-hover-animation__container\" data-brz-hover-animationid=\"yYK6pJxYLEvp\" data-brz-hover-options=\"%7B%22fill%22:%22forwards%22,%22easing%22:%22ease%22,%22duration%22:600,%22iterations%22:1%7D\" data-brz-hover-reversible=\"true\" data-brz-hover-target=\"%22parent%22\" data-brz-hover-animation=\"%5B%7B%22WebkitTransform%22:%22scale(1.1)%22,%22transform%22:%22scale(1.1)%22,%22offset%22:1%7D%5D\">\n<div class=\"brz-column__items brz-css-d-column-bg brz-css-w4imo8\">\n<div class=\"brz-wrapper-clone brz-flex-xs-wrap brz-css-d-cloneable brz-css-17ynqgs\" data-brz-custom-id=\"zpXRTYbnvoJu\"><a class=\"brz-a brz-btn brz-css-d-button brz-css-ex9sm2 brz-css-d-button-bg brz-css-1lpizsy\" target=\"_self\" rel=\"noopener\" href=\"https:\/\/displero.com\/\" data-brz-link-type=\"external\" data-brz-custom-id=\"lad7TB0axdVq\"><span data-brz-translate-text=\"1\" class=\"brz-span brz-text__editor\">HOME<\/span><\/a><\/div>\n<\/div>\n<\/div>\n<\/div>\n<div class=\"brz-columns brz-css-d-column-column brz-css-1g5trh1\" data-brz-custom-id=\"rFr1iLGi_nRn\">\n<div class=\"brz-column__items brz-css-d-column-bg brz-css-ewkrla\">\n<div class=\"brz-wrapper-clone brz-flex-xs-wrap brz-css-d-cloneable brz-css-1hoi0i3\" data-brz-custom-id=\"yDg3xnateqCu\"><a class=\"brz-a brz-btn brz-css-d-button brz-css-7ifvcs brz-css-d-button-bg brz-css-1qhl4jc\" target=\"_self\" rel=\"noopener\" href=\"https:\/\/displero.com\/our-services\" data-brz-link-type=\"external\" data-brz-custom-id=\"fB4UlM8om8MB\"><span data-brz-translate-text=\"1\" class=\"brz-span brz-text__editor\">SERVICES<br \/><\/span><\/a><\/div>\n<\/div>\n<\/div>\n<div class=\"brz-columns brz-css-d-column-column brz-css-xws456\" data-brz-custom-id=\"qg_5Ij_ViV3I\">\n<div class=\"brz-hover-animation__container\" data-brz-hover-animationid=\"qg_5Ij_ViV3I\" data-brz-hover-options=\"%7B%22fill%22:%22forwards%22,%22easing%22:%22ease%22,%22duration%22:600,%22iterations%22:1%7D\" data-brz-hover-reversible=\"true\" data-brz-hover-target=\"%22parent%22\" data-brz-hover-animation=\"%5B%7B%22WebkitTransform%22:%22scale(1.1)%22,%22transform%22:%22scale(1.1)%22,%22offset%22:1%7D%5D\">\n<div class=\"brz-column__items brz-css-d-column-bg brz-css-1fsll3s\">\n<div class=\"brz-wrapper-clone brz-flex-xs-wrap brz-css-d-cloneable brz-css-1o1ac87\" data-brz-custom-id=\"an7nfJ3x39t6\"><a class=\"brz-a brz-btn brz-css-d-button brz-css-1giejzc brz-css-d-button-bg brz-css-nv8uc\" target=\"_self\" rel=\"noopener\" href=\"https:\/\/displero.com\/selected-projects\" data-brz-link-type=\"external\" data-brz-custom-id=\"jR96gHdwkuea\"><span data-brz-translate-text=\"1\" class=\"brz-span brz-text__editor\">PROJECTS<\/span><\/a><\/div>\n<\/div>\n<\/div>\n<\/div>\n<div class=\"brz-columns brz-css-d-column-column brz-css-1pfex1s\" data-brz-custom-id=\"qS0us3A3l_ba\">\n<div class=\"brz-hover-animation__container\" data-brz-hover-animationid=\"qS0us3A3l_ba\" data-brz-hover-options=\"%7B%22fill%22:%22forwards%22,%22easing%22:%22ease%22,%22duration%22:600,%22iterations%22:1%7D\" data-brz-hover-reversible=\"true\" data-brz-hover-target=\"%22parent%22\" data-brz-hover-animation=\"%5B%7B%22WebkitTransform%22:%22scale(1.1)%22,%22transform%22:%22scale(1.1)%22,%22offset%22:1%7D%5D\">\n<div class=\"brz-column__items brz-css-d-column-bg brz-css-1608gu1\">\n<div class=\"brz-wrapper-clone brz-flex-xs-wrap brz-css-d-cloneable brz-css-8410ad\" data-brz-custom-id=\"wsMqkYwQ5I_p\"><a class=\"brz-a brz-btn brz-css-d-button brz-css-vnhfur brz-css-d-button-bg brz-css-gtrqf7\" target=\"_self\" rel=\"noopener\" href=\"https:\/\/displero.com\/partners\" data-brz-link-type=\"external\" data-brz-custom-id=\"kZXjH9Jup_k4\"><span data-brz-translate-text=\"1\" class=\"brz-span brz-text__editor\">PARTNERS<\/span><\/a><\/div>\n<\/div>\n<\/div>\n<\/div>\n<div class=\"brz-columns brz-css-d-column-column brz-css-1lgtviq\" data-brz-custom-id=\"fSiV_MAMbWx_\">\n<div class=\"brz-hover-animation__container\" data-brz-hover-animationid=\"fSiV_MAMbWx_\" data-brz-hover-options=\"%7B%22fill%22:%22forwards%22,%22easing%22:%22ease%22,%22duration%22:600,%22iterations%22:1%7D\" data-brz-hover-reversible=\"true\" data-brz-hover-target=\"%22parent%22\" data-brz-hover-animation=\"%5B%7B%22WebkitTransform%22:%22scale(1.1)%22,%22transform%22:%22scale(1.1)%22,%22offset%22:1%7D%5D\">\n<div class=\"brz-column__items brz-css-d-column-bg brz-css-1m69jh0\">\n<div class=\"brz-wrapper-clone brz-flex-xs-wrap brz-css-d-cloneable brz-css-1ewh8qm\" data-brz-custom-id=\"gqD2_RrvIzyA\"><a class=\"brz-a brz-btn brz-css-d-button brz-css-14ta56b brz-css-d-button-bg brz-css-1pnww3p\" target=\"_self\" rel=\"noopener\" href=\"https:\/\/displero.com\/about-us\" data-brz-link-type=\"external\" data-brz-custom-id=\"kPTIJQEVuKBp\"><span data-brz-translate-text=\"1\" class=\"brz-span brz-text__editor\">ABOUT US<\/span><\/a><\/div>\n<\/div>\n<\/div>\n<\/div>\n<div class=\"brz-columns brz-css-d-column-column brz-css-ehbjg4\" data-brz-custom-id=\"bS0LMkjOIytl\">\n<div class=\"brz-hover-animation__container\" data-brz-hover-animationid=\"bS0LMkjOIytl\" data-brz-hover-options=\"%7B%22fill%22:%22forwards%22,%22easing%22:%22ease%22,%22duration%22:600,%22iterations%22:1%7D\" data-brz-hover-reversible=\"true\" data-brz-hover-target=\"%22parent%22\" data-brz-hover-animation=\"%5B%7B%22WebkitTransform%22:%22scale(1.1)%22,%22transform%22:%22scale(1.1)%22,%22offset%22:1%7D%5D\">\n<div class=\"brz-column__items brz-css-d-column-bg brz-css-1myy3yh\">\n<div class=\"brz-wrapper-clone brz-flex-xs-wrap brz-css-d-cloneable brz-css-k0xhiu\" data-brz-custom-id=\"x997Fsluh4YN\"><a class=\"brz-a brz-btn brz-css-d-button brz-css-mtf9jj brz-css-d-button-bg brz-css-4eqc1y\" target=\"_self\" rel=\"noopener\" href=\"https:\/\/displero.com\/contact\" data-brz-link-type=\"external\" data-brz-custom-id=\"zC0W8odVDexs\"><span data-brz-translate-text=\"1\" class=\"brz-span brz-text__editor\">CONTACT<\/span><\/a><\/div>\n<\/div>\n<\/div>\n<\/div>\n<\/div>\n<\/div>\n<\/div>\n<\/div>\n<\/header>\n<section id=\"sfS7KqzRy3MF_sfS7KqzRy3MF\" class=\"brz-section brz-css-d-section brz-css-1rdlv2z\">\n<div class=\"brz-section__content brz-section--boxed brz-css-d-sectionitem-bg brz-css-kf2lam\" data-brz-custom-id=\"rVfWjeNmkhUz\">\n<div class=\"brz-container brz-css-d-sectionitem-container brz-css-18f3fbt\"><\/div>\n<\/div>\n<\/section>\n<section id=\"yeqjkzdhrfhpgfsvwhaumismoqbfvpridybc_yeqjkzdhrfhpgfsvwhaumismoqbfvpridybc\" class=\"brz-section brz-css-d-section brz-css-1ff8f9p\">\n<div class=\"brz-section__content brz-section--boxed brz-css-d-sectionitem-bg brz-css-hekmsc\" data-brz-custom-id=\"gsrizvjbdnnhzgqndhonstzgbykcjkcbfyth\">\n<div class=\"brz-bg\">\n<div class=\"brz-bg-color\"><\/div>\n<\/div>\n<div class=\"brz-container brz-css-d-sectionitem-container brz-css-1c7np28\">\n<div id=\"\" data-brz-iteration-count=\"1\" class=\"brz-css-d-wrapper brz-css-z0lqkt brz-wrapper brz-animated brz-css-d-wrapper-animation-zoomin-1000-200-false brz-css-v5ix0z\" data-animationid=\"bxkgsjrjlfnclsgdyuqpkyxknyrrlryvabzw\">\n<div class=\"brz-rich-text brz-rich-text__custom brz-css-d-richtext brz-css-jqzvpc\" data-brz-custom-id=\"obozyatyatqplwyilthdgwhesxgjgkzzkpxr\">\n<div data-brz-translate-text=\"1\">\n<p data-uniq-id=\"nVXZD\" data-generated-css=\"brz-css-cTyV0\" class=\"brz-tp-xs-paragraph brz-tp-sm-paragraph brz-text-lg-center brz-tp-lg-empty brz-ff-overpass brz-ft-google brz-fs-lg-40 brz-fss-lg-px brz-fw-lg-700 brz-ls-lg-1_1 brz-lh-lg-1_5 brz-vfw-lg-400 brz-fwdth-lg-100 brz-fsft-lg-0 brz-css-txC1O\"><span class=\"brz-cp-color7\">CONTACT US<\/span><\/p>\n<p data-uniq-id=\"flqxw\" data-generated-css=\"brz-css-gku3w\" class=\"brz-tp-xs-paragraph brz-tp-sm-paragraph brz-text-lg-center brz-fss-lg-px brz-fw-lg-700 brz-ls-lg-1_1 brz-lh-lg-1_5 brz-vfw-lg-400 brz-fwdth-lg-100 brz-fsft-lg-0 brz-tp-lg-empty brz-ff-overpass brz-ft-google brz-fs-lg-17 brz-css-oTI4h\"><span class=\"brz-cp-color7\"> <\/span><\/p>\n<\/div>\n<\/div>\n<\/div>\n<div id=\"\" data-brz-iteration-count=\"1\" class=\"brz-css-d-wrapper brz-css-1qsegvg brz-wrapper brz-animated brz-css-d-wrapper-animation-zoomin-1000-400-false brz-css-14d2y8j\" data-animationid=\"bijhmmixwnijftmbrggnysvokwasggvgunjm\">\n<div class=\"brz-rich-text brz-rich-text__custom brz-css-d-richtext brz-css-j8b9cv\" data-brz-custom-id=\"mgyuckenhijuhuqglycucaehyctxrhjokdde\">\n<div data-brz-translate-text=\"1\">\n<p class=\"brz-tp-sm-heading2 brz-text-lg-center brz-tp-lg-heading2 brz-tp-xs-heading2 brz-css-izLlk\" data-uniq-id=\"hOeFl\" data-generated-css=\"brz-css-x7Hm4\">LET&#8217;S TALK ABOUT YOUR PROJECT<\/p>\n<\/div>\n<\/div>\n<\/div>\n<div id=\"div.wpforms-container-full .wpforms-form button[type=submit] {     background-color: #00d5c3 !important; \/* Tw\u00f3j turkusowy kolor *\/     color: #fff !important;     border: none !important;     border-radius: 25px !important;     padding: 12px 30px !important;     text-transform: uppercase;     font-weight: 600; }\" data-brz-iteration-count=\"1\" class=\"brz-css-d-wrapper brz-css-1vg9n47 brz-wrapper brz-animated brz-css-d-wrapper-animation-zoomin-1000-700-false brz-css-1tqn6mw\" data-animationid=\"nXnBJvxeXZgo\">\n<div class=\"brz-wp-shortcode brz-css-d-wpcustomshortcode brz-css-1qdy487\" data-brz-custom-id=\"jM7QYRhW8Csa\">\n<div><style id=\"wpforms-css-vars-396\">\n\t\t\t\t#wpforms-396 {\n\t\t\t\t--wpforms-container-padding: 0px;\n--wpforms-container-border-width: 1px;\n--wpforms-container-border-radius: 3px;\n--wpforms-background-color: rgba(0, 0, 0, 0);\n--wpforms-field-size-input-height: 43px;\n--wpforms-field-size-input-spacing: 15px;\n--wpforms-field-size-font-size: 16px;\n--wpforms-field-size-line-height: 19px;\n--wpforms-field-size-padding-h: 14px;\n--wpforms-field-size-checkbox-size: 16px;\n--wpforms-field-size-sublabel-spacing: 5px;\n--wpforms-field-size-icon-size: 1;\n--wpforms-label-size-font-size: 16px;\n--wpforms-label-size-line-height: 19px;\n--wpforms-label-size-sublabel-font-size: 14px;\n--wpforms-label-size-sublabel-line-height: 17px;\n--wpforms-button-size-font-size: 17px;\n--wpforms-button-size-height: 41px;\n--wpforms-button-size-padding-h: 15px;\n--wpforms-button-size-margin-top: 10px;\n--wpforms-container-shadow-size-box-shadow: none;\n\t\t\t}\n\t\t\t<\/style><div class=\"wpforms-container wpforms-container-full wpforms-render-modern\" id=\"wpforms-396\"><form id=\"wpforms-form-396\" class=\"wpforms-validate wpforms-form wpforms-ajax-form\" data-formid=\"396\" method=\"post\" enctype=\"multipart\/form-data\" action=\"\/pl\/wp-json\/wp\/v2\/pages\/127\" data-token=\"c142518f4a826962e197f2f6763990dc\" data-token-time=\"1778557461\"><noscript class=\"wpforms-error-noscript\">Aby wype\u0142ni\u0107 ten formularz, w\u0142\u0105cz obs\u0142ug\u0119 JavaScript w przegl\u0105darce.<\/noscript><div id=\"wpforms-error-noscript\" style=\"display: none;\">Aby wype\u0142ni\u0107 ten formularz, w\u0142\u0105cz obs\u0142ug\u0119 JavaScript w przegl\u0105darce.<\/div><div class=\"wpforms-field-container\"><div id=\"wpforms-396-field_1-container\" class=\"wpforms-field wpforms-field-name\" data-field-id=\"1\"><fieldset><legend class=\"wpforms-field-label\">Name <span class=\"wpforms-required-label\" aria-hidden=\"true\">*<\/span><\/legend><div class=\"wpforms-field-row wpforms-field-medium\"><div class=\"wpforms-field-row-block wpforms-first wpforms-one-half\"><input type=\"text\" id=\"wpforms-396-field_1\" class=\"wpforms-field-name-first wpforms-field-required\" name=\"wpforms[fields][1][first]\" aria-errormessage=\"wpforms-396-field_1-error\" required><label for=\"wpforms-396-field_1\" class=\"wpforms-field-sublabel after\">Pierwszy<\/label><\/div><div class=\"wpforms-field-row-block wpforms-one-half\"><input type=\"text\" id=\"wpforms-396-field_1-last\" class=\"wpforms-field-name-last wpforms-field-required\" name=\"wpforms[fields][1][last]\" aria-errormessage=\"wpforms-396-field_1-last-error\" required><label for=\"wpforms-396-field_1-last\" class=\"wpforms-field-sublabel after\">Ostatni<\/label><\/div><\/div><\/fieldset><\/div><div id=\"wpforms-396-field_2-container\" class=\"wpforms-field wpforms-field-email\" data-field-id=\"2\"><label class=\"wpforms-field-label\" for=\"wpforms-396-field_2\">Email <span class=\"wpforms-required-label\" aria-hidden=\"true\">*<\/span><\/label><input type=\"email\" id=\"wpforms-396-field_2\" class=\"wpforms-field-medium wpforms-field-required\" name=\"wpforms[fields][2]\" spellcheck=\"false\" aria-errormessage=\"wpforms-396-field_2-error\" required><\/div><div id=\"wpforms-396-field_4-container\" class=\"wpforms-field wpforms-field-select wpforms-field-select-style-classic\" data-field-id=\"4\"><label class=\"wpforms-field-label\" for=\"wpforms-396-field_4\">Select a topic<\/label><select id=\"wpforms-396-field_4\" class=\"wpforms-field-medium\" name=\"wpforms[fields][4]\"><option value=\"Request a Quote\"  class=\"choice-1 depth-1\"  >Request a Quote<\/option><option value=\"Technical Support\"  class=\"choice-2 depth-1\"  >Technical Support<\/option><option value=\"Partnership Inquiry\"  class=\"choice-3 depth-1\"  >Partnership Inquiry<\/option><option value=\"General Inquiry \/ Other\"  class=\"choice-4 depth-1\"  >General Inquiry \/ Other<\/option><\/select><\/div>\t\t<div id=\"wpforms-396-field_5-container\"\n\t\t\tclass=\"wpforms-field wpforms-field-text\"\n\t\t\tdata-field-type=\"text\"\n\t\t\tdata-field-id=\"5\"\n\t\t\t>\n\t\t\t<label class=\"wpforms-field-label\" for=\"wpforms-396-field_5\" >Comment Email Select<\/label>\n\t\t\t<input type=\"text\" id=\"wpforms-396-field_5\" class=\"wpforms-field-medium\" name=\"wpforms[fields][5]\" >\n\t\t<\/div>\n\t\t<div id=\"wpforms-396-field_3-container\" class=\"wpforms-field wpforms-field-textarea\" data-field-id=\"3\"><label class=\"wpforms-field-label\" for=\"wpforms-396-field_3\">Comment or Message<\/label><textarea id=\"wpforms-396-field_3\" class=\"wpforms-field-medium\" name=\"wpforms[fields][3]\" aria-errormessage=\"wpforms-396-field_3-error\" ><\/textarea><\/div><script>\n\t\t\t\t( function() {\n\t\t\t\t\tconst style = document.createElement( 'style' );\n\t\t\t\t\tstyle.appendChild( document.createTextNode( '#wpforms-396-field_5-container { position: absolute !important; overflow: hidden !important; display: inline !important; height: 1px !important; width: 1px !important; z-index: -1000 !important; padding: 0 !important; } #wpforms-396-field_5-container input { visibility: hidden; } #wpforms-conversational-form-page #wpforms-396-field_5-container label { counter-increment: none; }' ) );\n\t\t\t\t\tdocument.head.appendChild( style );\n\t\t\t\t\tdocument.currentScript?.remove();\n\t\t\t\t} )();\n\t\t\t<\/script><\/div><!-- .wpforms-field-container --><div class=\"wpforms-submit-container\" ><input type=\"hidden\" name=\"wpforms[id]\" value=\"396\"><input type=\"hidden\" name=\"page_title\" value=\"\"><input type=\"hidden\" name=\"page_url\" value=\"https:\/\/displero.com\/pl\/wp-json\/wp\/v2\/pages\/127\"><input type=\"hidden\" name=\"url_referer\" value=\"\"><button type=\"submit\" name=\"wpforms[submit]\" id=\"wpforms-submit-396\" class=\"wpforms-submit\" data-alt-text=\"Sending...\" data-submit-text=\"Submit\" aria-live=\"assertive\" value=\"wpforms-submit\">Submit<\/button><img loading=\"lazy\" decoding=\"async\" src=\"https:\/\/displero.com\/wp-content\/plugins\/wpforms-lite\/assets\/images\/submit-spin.svg\" class=\"wpforms-submit-spinner\" style=\"display: none;\" width=\"26\" height=\"26\" alt=\"Wczytywanie\"><\/div><\/form><\/div>  <!-- .wpforms-container -->\n<\/div>\n<\/div>\n<\/div>\n<\/div>\n<\/div>\n<\/section>\n<section id=\"h1AP1RCHCAX0_h1AP1RCHCAX0\" class=\"brz-section brz-css-d-section brz-css-1y11l74\">\n<div class=\"brz-section__content brz-section--boxed brz-css-d-sectionitem-bg brz-css-40lqr1\" data-brz-custom-id=\"xamcMAHzcDbB\">\n<div class=\"brz-bg\">\n<div class=\"brz-bg-image\"><\/div>\n<\/div>\n<div class=\"brz-container brz-css-d-sectionitem-container brz-css-ipnjis\">\n<div class=\"brz-row__container brz-css-d-row-row brz-css-1n18g53\" data-brz-custom-id=\"q0kzuEusskMO\">\n<div class=\"brz-row brz-css-d-row-container brz-css-r-row-container brz-css-gdxz0z\">\n<div class=\"brz-columns brz-css-d-column-column brz-css-1j23rmw\" data-brz-custom-id=\"jNSUdmD0pMBE\">\n<div class=\"brz-column__items brz-css-d-column-bg brz-css-7t4okn\">\n<div id=\"\" class=\"brz-css-d-wrapper brz-css-1kmpn2h brz-wrapper\">\n<div class=\"brz-rich-text brz-rich-text__custom brz-css-d-richtext brz-css-1j1ce8j\" data-brz-custom-id=\"s1GOyKehq5h5\">\n<div data-brz-translate-text=\"1\">\n<p class=\"brz-tp-xs-heading4 brz-tp-sm-heading3 brz-tp-lg-heading2 brz-css-q1dUB\" data-uniq-id=\"iYQLm\" data-generated-css=\"brz-css-n1CoO\"><span class=\"brz-cp-color8\">Let\u2019s Build Something Impressive<\/span><\/p>\n<\/div>\n<\/div>\n<\/div>\n<\/div>\n<\/div>\n<div class=\"brz-columns brz-css-d-column-column brz-css-19h6nxx\" data-brz-custom-id=\"i5i3Y_eEE2Rh\">\n<div class=\"brz-column__items brz-css-d-column-bg brz-css-15w65kc\">\n<div class=\"brz-wrapper-clone brz-flex-xs-wrap brz-css-d-cloneable brz-css-zdth0k\" data-brz-custom-id=\"g88rnruF2FQN\"><a class=\"brz-a brz-btn brz-css-d-button brz-css-1uis445 brz-css-d-button-bg brz-css-ofsdpg\" target=\"_self\" rel=\"noopener nofollow\" href=\"https:\/\/displero.com\/contact\" data-brz-link-type=\"external\" data-brz-custom-id=\"ng36swvZxGiV\"><span data-brz-translate-text=\"1\" class=\"brz-span brz-text__editor\">CONTACT US<\/span><\/a><\/div>\n<\/div>\n<\/div>\n<\/div>\n<\/div>\n<\/div>\n<\/div>\n<\/section><\/div>\n<p><!-- version:1775580353 --><\/p>\n","protected":false},"excerpt":{"rendered":"<p>HOME SERVICES PROJECTS PARTNERS ABOUT US CONTACT CONTACT US LET&#8217;S TALK ABOUT YOUR PROJECT Let\u2019s Build Something Impressive CONTACT US<\/p>","protected":false},"author":1,"featured_media":0,"parent":0,"menu_order":0,"comment_status":"closed","ping_status":"closed","template":"brizy-blank-template.php","meta":{"_monsterinsights_skip_tracking":false,"_monsterinsights_sitenote_active":false,"_monsterinsights_sitenote_note":"","_monsterinsights_sitenote_category":0,"footnotes":""},"class_list":["post-127","page","type-page","status-publish","hentry"],"_hostinger_reach_plugin_has_subscription_block":false,"_hostinger_reach_plugin_is_elementor":false,"brizy_media":[{"id":19,"url":"https:\/\/displero.com\/wp-content\/uploads\/2026\/03\/65b26ab24df35b1fafd23b6e4af6852c.jpg","name":"65b26ab24df35b1fafd23b6e4af6852c.jpg","meta":{"brizy_attachment_uid":"65b26ab24df35b1fafd23b6e4af6852c.jpg","brizy_post_uid":["c2bb917c93b498c4e9a7b85e6c20304a"]}},{"id":51,"url":"https:\/\/displero.com\/wp-content\/uploads\/2026\/03\/8b122b0dd825bd13e4bc5fb1a454ca1b.jpg","name":"8b122b0dd825bd13e4bc5fb1a454ca1b.jpg","meta":{"brizy_attachment_uid":"8b122b0dd825bd13e4bc5fb1a454ca1b.jpg","brizy_post_uid":["c2bb917c93b498c4e9a7b85e6c20304a"]}},{"id":68,"url":"https:\/\/displero.com\/wp-content\/uploads\/2026\/03\/a3846326ba9567d6bfe3b508559bbf4d.jpg","name":"a3846326ba9567d6bfe3b508559bbf4d.jpg","meta":{"brizy_attachment_uid":"a3846326ba9567d6bfe3b508559bbf4d.jpg","brizy_post_uid":["c2bb917c93b498c4e9a7b85e6c20304a"]}},{"id":103,"url":"https:\/\/displero.com\/wp-content\/uploads\/2026\/03\/a99531b51000988d9d32938edb317407.jpg","name":"a99531b51000988d9d32938edb317407.jpg","meta":{"brizy_attachment_uid":"a99531b51000988d9d32938edb317407.jpg","brizy_post_uid":["5828a49bcb4f22a7c46eff031b2c7be1","c2bb917c93b498c4e9a7b85e6c20304a","b7461187e23750cbfc4d760bc183df36"]}},{"id":104,"url":"https:\/\/displero.com\/wp-content\/uploads\/2026\/03\/7e8014fdeaba3a2a0938f3853194c772.jpg","name":"7e8014fdeaba3a2a0938f3853194c772.jpg","meta":{"brizy_attachment_uid":"7e8014fdeaba3a2a0938f3853194c772.jpg","brizy_post_uid":["c2bb917c93b498c4e9a7b85e6c20304a"]}},{"id":716,"url":"https:\/\/displero.com\/wp-content\/uploads\/2026\/03\/Gemini_Generated_Image_jcjx53jcjx53jcjx.png","name":"Gemini_Generated_Image_jcjx53jcjx53jcjx.png","meta":{"brizy_attachment_uid":"wp-0a1c1ae01cd234734a3be81661cfd57a.png","brizy_post_uid":["3a34495f5271004387ddbfb6180c0bff","c2bb917c93b498c4e9a7b85e6c20304a"]}}],"_links":{"self":[{"href":"https:\/\/displero.com\/pl\/wp-json\/wp\/v2\/pages\/127","targetHints":{"allow":["GET"]}}],"collection":[{"href":"https:\/\/displero.com\/pl\/wp-json\/wp\/v2\/pages"}],"about":[{"href":"https:\/\/displero.com\/pl\/wp-json\/wp\/v2\/types\/page"}],"author":[{"embeddable":true,"href":"https:\/\/displero.com\/pl\/wp-json\/wp\/v2\/users\/1"}],"replies":[{"embeddable":true,"href":"https:\/\/displero.com\/pl\/wp-json\/wp\/v2\/comments?post=127"}],"version-history":[{"count":31,"href":"https:\/\/displero.com\/pl\/wp-json\/wp\/v2\/pages\/127\/revisions"}],"predecessor-version":[{"id":1031,"href":"https:\/\/displero.com\/pl\/wp-json\/wp\/v2\/pages\/127\/revisions\/1031"}],"wp:attachment":[{"href":"https:\/\/displero.com\/pl\/wp-json\/wp\/v2\/media?parent=127"}],"curies":[{"name":"wp","href":"https:\/\/api.w.org\/{rel}","templated":true}]}}